{"id":103,"date":"2022-07-21T15:14:17","date_gmt":"2022-07-21T15:14:17","guid":{"rendered":"http:\/\/sempre.com.co\/?page_id=103"},"modified":"2022-09-22T17:57:20","modified_gmt":"2022-09-22T17:57:20","slug":"regimen-de-insolvencia-empresarial","status":"publish","type":"page","link":"https:\/\/sempre.com.co\/?page_id=103","title":{"rendered":"Insolvencia empresas"},"content":{"rendered":"<p>[et_pb_section fb_built=&#8221;1&#8243; admin_label=&#8221;Header&#8221; _builder_version=&#8221;4.14.7&#8243; _module_preset=&#8221;default&#8221; background_color_gradient_start=&#8221;#ffffff&#8221; background_color_gradient_end=&#8221;#f8f8f8&#8243; background_color_gradient_direction=&#8221;90deg&#8221; background_enable_image=&#8221;off&#8221; background_last_edited=&#8221;on|desktop&#8221; locked=&#8221;off&#8221; global_colors_info=&#8221;{%22gcid-01d52b91-888a-4360-8bf2-df06995b266a%22:%91%93}&#8221;][et_pb_row _builder_version=&#8221;4.14.7&#8243; _module_preset=&#8221;default&#8221; global_colors_info=&#8221;{}&#8221;][et_pb_column type=&#8221;4_4&#8243; _builder_version=&#8221;4.8.1&#8243; _module_preset=&#8221;default&#8221; global_colors_info=&#8221;{}&#8221;][et_pb_text _builder_version=&#8221;4.14.7&#8243; _module_preset=&#8221;6ca64ecf-fbe3-4428-b1e8-65745f623d5d&#8221; header_font=&#8221;Poppins|700|||||||&#8221; header_text_align=&#8221;left&#8221; header_text_color=&#8221;#000000&#8243; header_font_size=&#8221;48px&#8221; header_line_height=&#8221;1.2em&#8221; hover_enabled=&#8221;0&#8243; header_font_size_tablet=&#8221;40px&#8221; header_font_size_phone=&#8221;25px&#8221; header_font_size_last_edited=&#8221;on|phone&#8221; locked=&#8221;off&#8221; global_colors_info=&#8221;{}&#8221; sticky_enabled=&#8221;0&#8243;]<\/p>\n<h1>Si tiene una crisis de deudas personales o empresariales, no se preocupe, aqu\u00ed podemos ayudarle<\/h1>\n<p>[\/et_pb_text][et_pb_text _builder_version=&#8221;4.14.7&#8243; _module_preset=&#8221;a71a5122-3537-4d1b-aa15-649fe0057a23&#8243; text_font=&#8221;Work Sans||||||||&#8221; text_font_size=&#8221;16px&#8221; text_line_height=&#8221;1.8em&#8221; text_font_size_tablet=&#8221;15px&#8221; text_font_size_phone=&#8221;14px&#8221; text_font_size_last_edited=&#8221;on|desktop&#8221; locked=&#8221;off&#8221; global_colors_info=&#8221;{}&#8221;]<\/p>\n<p><span style=\"font-weight: 400;\">Aunque no existe una respuesta \u00fanica que satisfaga esta pregunta, es muy com\u00fan ver que las empresas que acuden a este mecanismo se caracterizan por tener bajos niveles de liquidez financiera o alto nivel de endeudamiento, o ambos, as\u00ed como problemas operativos producto de estas circunstancias. Si no tienen procesos ejecutivos en contra para cobro de acreencias seguramente estar\u00e1n muy cerca de tenerlos.\u00a0<\/span><\/p>\n<p><span style=\"font-weight: 400;\">Lea aqu\u00ed <\/span><b>\u00bfEnfrenta su compa\u00f1\u00eda una crisis financiera profunda (insolvencia)?<\/b><\/p>\n<p><span style=\"font-weight: 400;\">Si su empresa presenta m\u00e1s de uno de estos s\u00edntomas bien vale la pena que se asesore adecuadamente y eval\u00fae si sus problemas pueden ser resueltos con un <\/span><b>acuerdo privado<\/b> <span style=\"font-weight: 400;\">o a trav\u00e9s de un proceso de reorganizaci\u00f3n bajo la Ley 1116 de 2006.<\/span><\/p>\n<p>[\/et_pb_text][et_pb_text _builder_version=&#8221;4.14.7&#8243; _module_preset=&#8221;6ca64ecf-fbe3-4428-b1e8-65745f623d5d&#8221; header_font=&#8221;Poppins|700|||||||&#8221; header_text_align=&#8221;left&#8221; header_text_color=&#8221;#000000&#8243; header_font_size=&#8221;48px&#8221; header_line_height=&#8221;1.2em&#8221; header_font_size_tablet=&#8221;40px&#8221; header_font_size_phone=&#8221;25px&#8221; header_font_size_last_edited=&#8221;on|phone&#8221; locked=&#8221;off&#8221; global_colors_info=&#8221;{}&#8221;]<\/p>\n<h1>\u00bfCu\u00e1l es el prop\u00f3sito de la Ley 1116?<br \/>\n<\/h1>\n<p>[\/et_pb_text][et_pb_text _builder_version=&#8221;4.14.7&#8243; _module_preset=&#8221;a71a5122-3537-4d1b-aa15-649fe0057a23&#8243; text_font=&#8221;Work Sans||||||||&#8221; text_font_size=&#8221;16px&#8221; text_line_height=&#8221;1.8em&#8221; text_font_size_tablet=&#8221;15px&#8221; text_font_size_phone=&#8221;14px&#8221; text_font_size_last_edited=&#8221;on|desktop&#8221; locked=&#8221;off&#8221; global_colors_info=&#8221;{}&#8221;]<\/p>\n<p><b>El Proceso de Reorganizaci\u00f3n<\/b><span style=\"font-weight: 400;\"> definido por la Ley 1116 de 2006 tiene dos prop\u00f3sitos fundamentales en el marco de las empresas que acuden a ella: el primero es la protecci\u00f3n de los cr\u00e9ditos y el segundo, que las empresas que est\u00e1n en crisis se puedan recuperar y conservar como unidad de negocio, generadora de empleo.\u00a0<\/span><\/p>\n<p><span style=\"font-weight: 400;\">Esta reorganizaci\u00f3n pretende que las empresas que son viables puedan, a trav\u00e9s de un acuerdo con los acreedores, recuperar su operaci\u00f3n y normalizar sus relaciones comerciales y crediticias, para lo cual deber\u00e1n realizar adem\u00e1s una restructuraci\u00f3n administrativa y operacional para superar las circunstancias que la llevaron a la crisis. El acuerdo permitir\u00e1 restructurar igualmente los pasivos en plazos y tasas de inter\u00e9s favorables para la empresa.<\/span><\/p>\n<p><span style=\"font-weight: 400;\">Si la empresa no es viable, la Ley 1116 contempla el <\/span><b>Proceso de Liquidaci\u00f3n Judicial<\/b><span style=\"font-weight: 400;\"> de la empresa de forma que se pueda hacer pronta y ordenadamente, aprovechando el patrimonio existente del deudor.<\/span><\/p>\n<p><span style=\"font-weight: 400;\">Lea aqu\u00ed <\/span><b>\u00bfEnfrenta su compa\u00f1\u00eda una crisis financiera profunda (insolvencia)?<\/b><\/p>\n<p><span style=\"font-weight: 400;\">Si su empresa presenta m\u00e1s de uno de estos s\u00edntomas bien vale la pena que se asesore adecuadamente y eval\u00fae si sus problemas pueden ser resueltos con un <\/span><b>acuerdo privado<\/b> <span style=\"font-weight: 400;\">o a trav\u00e9s de un proceso de reorganizaci\u00f3n bajo la Ley 1116 de 2006.<\/span><\/p>\n<p>[\/et_pb_text][et_pb_text _builder_version=&#8221;4.14.7&#8243; _module_preset=&#8221;6ca64ecf-fbe3-4428-b1e8-65745f623d5d&#8221; header_font=&#8221;Poppins|700|||||||&#8221; header_text_align=&#8221;left&#8221; header_text_color=&#8221;#000000&#8243; header_font_size=&#8221;48px&#8221; header_line_height=&#8221;1.2em&#8221; header_font_size_tablet=&#8221;40px&#8221; header_font_size_phone=&#8221;25px&#8221; header_font_size_last_edited=&#8221;on|phone&#8221; locked=&#8221;off&#8221; global_colors_info=&#8221;{}&#8221;]<\/p>\n<h1>\u00bfA qui\u00e9nes aplica?<\/h1>\n<p>[\/et_pb_text][et_pb_text _builder_version=&#8221;4.14.7&#8243; _module_preset=&#8221;a71a5122-3537-4d1b-aa15-649fe0057a23&#8243; text_font=&#8221;Work Sans||||||||&#8221; text_font_size=&#8221;16px&#8221; text_line_height=&#8221;1.8em&#8221; hover_enabled=&#8221;0&#8243; text_font_size_tablet=&#8221;15px&#8221; text_font_size_phone=&#8221;14px&#8221; text_font_size_last_edited=&#8221;on|desktop&#8221; locked=&#8221;off&#8221; global_colors_info=&#8221;{}&#8221; sticky_enabled=&#8221;0&#8243;]<\/p>\n<p>Si usted es una PERSONA NATURAL COMERCIANTE o si hablamos de una PERSONA JUR\u00cdDICA, que realiza negocios en el pa\u00eds, de car\u00e1cter privado o mixto, puede acogerse a esta ley, excepto que pertenezca a uno de los siguientes tipos de sociedades que se consideran excluidas espec\u00edficamente de su aplicaci\u00f3n:<\/p>\n<ul>\n<li>Las Entidades Promotoras de Salud (EPS), las Administradoras del R\u00e9gimen Subsidiado del Sistema General de Seguridad Social en Salud (ARS) y las Instituciones Prestadoras de Servicios de Salud (IPS).<\/li>\n<li>Las Bolsas de Valores y Agropecuarias.<\/li>\n<li>Las entidades vigiladas por la Superintendencia Financiera de Colombia.<\/li>\n<li>Las entidades vigiladas por la Superintendencia de Econom\u00eda Solidaria que desarrollen actividades financieras de ahorro y cr\u00e9dito.<\/li>\n<li>Las sociedades de capital p\u00fablico y las empresas industriales y comerciales del Estado nacionales y de cualquier nivel territorial.<\/li>\n<\/ul>\n<p>&nbsp;<\/p>\n<p>Lo anterior significa que las personas que tienen negocios o se anuncian como comerciantes y la gran mayor\u00eda de las sociedades comerciales est\u00e1n posibilitadas de acceder al proceso, excepto las que son vigiladas o supervisadas por una superintendencia diferente a la Superintendencia de Sociedades.<\/p>\n<ul><\/ul>\n<p>&nbsp;<\/p>\n<p>[\/et_pb_text][et_pb_text _builder_version=&#8221;4.14.7&#8243; _module_preset=&#8221;6ca64ecf-fbe3-4428-b1e8-65745f623d5d&#8221; header_font=&#8221;Poppins|700|||||||&#8221; header_text_align=&#8221;left&#8221; header_text_color=&#8221;#000000&#8243; header_font_size=&#8221;48px&#8221; header_line_height=&#8221;1.2em&#8221; hover_enabled=&#8221;0&#8243; header_font_size_tablet=&#8221;40px&#8221; header_font_size_phone=&#8221;25px&#8221; header_font_size_last_edited=&#8221;on|phone&#8221; locked=&#8221;off&#8221; global_colors_info=&#8221;{}&#8221; sticky_enabled=&#8221;0&#8243;]<\/p>\n<h1>\u00bfQu\u00e9 beneficios tiene acceder a este proceso?<\/h1>\n<p>[\/et_pb_text][et_pb_text _builder_version=&#8221;4.14.7&#8243; _module_preset=&#8221;a71a5122-3537-4d1b-aa15-649fe0057a23&#8243; text_font=&#8221;Work Sans||||||||&#8221; text_font_size=&#8221;16px&#8221; text_line_height=&#8221;1.8em&#8221; hover_enabled=&#8221;0&#8243; text_font_size_tablet=&#8221;15px&#8221; text_font_size_phone=&#8221;14px&#8221; text_font_size_last_edited=&#8221;on|desktop&#8221; locked=&#8221;off&#8221; global_colors_info=&#8221;{}&#8221; sticky_enabled=&#8221;0&#8243;]<\/p>\n<p>Cuando una persona natural comerciante o una empresa decide acceder al proceso, tiene la posibilidad de lograr los siguientes beneficios:<\/p>\n<ul>\n<li>La inclusi\u00f3n de absolutamente todas las acreencias en el proceso cualquiera que sea su naturaleza (impuestos, laborales, financieros, proveedores, personales, etc)<\/li>\n<li>El congelamiento de todas las obligaciones hasta que se suscriba el acuerdo de pago.<\/li>\n<li>La suspensi\u00f3n de los procesos ejecutivos que se est\u00e9n adelantando en contra del deudor.<\/li>\n<li>La condonaci\u00f3n de todos los intereses causados y no pagados de las diferentes acreencias.<\/li>\n<li>Plazos amplios para pagar y eventualmente un per\u00edodo de gracia.<\/li>\n<li>Tasas de inter\u00e9s para los futuros pagos, sensiblemente m\u00e1s bajas que las originales de las acreencias.<\/li>\n<li>Mantener el control de la compa\u00f1\u00eda o negocio como viene funcionando<\/li>\n<li>La recuperaci\u00f3n de la tranquilidad perdida para enfocarse en el negocio.<\/li>\n<\/ul>\n<ul>\n<li>Las Entidades Promotoras de Salud (EPS), las Administradoras del R\u00e9gimen Subsidiado del Sistema General de Seguridad Social en Salud (ARS) y las Instituciones Prestadoras de Servicios de Salud (IPS).<\/li>\n<li>Las Bolsas de Valores y Agropecuarias.<\/li>\n<li>Las entidades vigiladas por la Superintendencia Financiera de Colombia.<\/li>\n<li>Las entidades vigiladas por la Superintendencia de Econom\u00eda Solidaria que desarrollen actividades financieras de ahorro y cr\u00e9dito.<\/li>\n<li>Las sociedades de capital p\u00fablico y las empresas industriales y comerciales del Estado nacionales y de cualquier nivel territorial.<\/li>\n<\/ul>\n<p>&nbsp;<\/p>\n<p>Lo anterior significa que las personas que tienen negocios o se anuncian como comerciantes y la gran mayor\u00eda de las sociedades comerciales est\u00e1n posibilitadas de acceder al proceso, excepto las que son vigiladas o supervisadas por una superintendencia diferente a la Superintendencia de Sociedades.<\/p>\n<ul><\/ul>\n<p>&nbsp;<\/p>\n<p>[\/et_pb_text][et_pb_text _builder_version=&#8221;4.14.7&#8243; _module_preset=&#8221;6ca64ecf-fbe3-4428-b1e8-65745f623d5d&#8221; header_font=&#8221;Poppins|700|||||||&#8221; header_text_align=&#8221;left&#8221; header_text_color=&#8221;#000000&#8243; header_font_size=&#8221;48px&#8221; header_line_height=&#8221;1.2em&#8221; hover_enabled=&#8221;0&#8243; header_font_size_tablet=&#8221;40px&#8221; header_font_size_phone=&#8221;25px&#8221; header_font_size_last_edited=&#8221;on|phone&#8221; locked=&#8221;off&#8221; global_colors_info=&#8221;{}&#8221; sticky_enabled=&#8221;0&#8243;]<\/p>\n<h1>As\u00ed lo asesoramos en un proceso de reorganizaci\u00f3n bajo la Ley 1116<\/h1>\n<p>[\/et_pb_text][et_pb_text _builder_version=&#8221;4.14.7&#8243; _module_preset=&#8221;a71a5122-3537-4d1b-aa15-649fe0057a23&#8243; text_font=&#8221;Work Sans||||||||&#8221; text_font_size=&#8221;16px&#8221; text_line_height=&#8221;1.8em&#8221; hover_enabled=&#8221;0&#8243; text_font_size_tablet=&#8221;15px&#8221; text_font_size_phone=&#8221;14px&#8221; text_font_size_last_edited=&#8221;on|desktop&#8221; locked=&#8221;off&#8221; global_colors_info=&#8221;{}&#8221; sticky_enabled=&#8221;0&#8243;]<\/p>\n<p>Nuestra pol\u00edtica es la b\u00fasqueda de la mejor soluci\u00f3n para su empresa o negocio; \u00a0para ello:<\/p>\n<ul>\n<li>Elaboramos un diagn\u00f3stico preliminar de la situaci\u00f3n de su compa\u00f1\u00eda o negocio, a partir del an\u00e1lisis de la informaci\u00f3n financiera, contable, operativa, administrativa y comercial.<\/li>\n<li>Evaluamos el cumplimiento de los requisitos de admisibilidad a un proceso Ley 1116.<\/li>\n<li>Planteamos alternativas de soluci\u00f3n para la toma de decisiones por parte de los administradores y accionistas de la compa\u00f1\u00eda o el propietario del negocio.<\/li>\n<li>Realizamos el acompa\u00f1amiento permanente para la compilaci\u00f3n de la documentaci\u00f3n requerida para la solicitud de admisi\u00f3n al proceso concursal.<\/li>\n<li>Atendemos oportunamente las diferentes etapas procesales una vez admitida la empresa o el due\u00f1o del negocio al proceso de reorganizaci\u00f3n.<\/li>\n<li>Apoyamos el proceso de planeaci\u00f3n estrat\u00e9gica de la compa\u00f1\u00eda o negocio en la b\u00fasqueda de las soluciones para superar las causas de crisis.<\/li>\n<li>Evaluamos permanentemente alternativas de soluci\u00f3n a los inconvenientes que se derivan de la situaci\u00f3n de la empresa o negocio y el cumplimiento de las exigencias de la ley 1116.<\/li>\n<li>Acompa\u00f1amos y representamos, cuando sea necesario, de manera continua a la empresa o negocio a lo largo de todo el proceso de reorganizaci\u00f3n, hasta la confirmaci\u00f3n del acuerdo de pago.<\/li>\n<\/ul>\n<p>[\/et_pb_text][\/et_pb_column][\/et_pb_row][\/et_pb_section][et_pb_section fb_built=&#8221;1&#8243; admin_label=&#8221;Value Props&#8221; _builder_version=&#8221;4.14.7&#8243; _module_preset=&#8221;default&#8221; background_color=&#8221;#0a2832&#8243; locked=&#8221;off&#8221; global_colors_info=&#8221;{}&#8221;][et_pb_row _builder_version=&#8221;4.8.1&#8243; _module_preset=&#8221;default&#8221; global_colors_info=&#8221;{}&#8221;][et_pb_column type=&#8221;4_4&#8243; _builder_version=&#8221;4.8.1&#8243; _module_preset=&#8221;default&#8221; global_colors_info=&#8221;{}&#8221;][et_pb_text _builder_version=&#8221;4.14.7&#8243; _module_preset=&#8221;b5629d61-8761-48a4-843a-08bad35c28b0&#8243; header_2_font=&#8221;Poppins|700|||||||&#8221; header_2_text_color=&#8221;#01b3a5&#8243; header_2_font_size=&#8221;56px&#8221; header_2_line_height=&#8221;1.2em&#8221; text_orientation=&#8221;center&#8221; header_2_font_size_tablet=&#8221;32px&#8221; header_2_font_size_phone=&#8221;18px&#8221; header_2_font_size_last_edited=&#8221;on|phone&#8221; locked=&#8221;off&#8221; global_colors_info=&#8221;{}&#8221;]<\/p>\n<h2>En Sempre podemos ayudarle a superar estos obst\u00e1culos<\/h2>\n<p>[\/et_pb_text][\/et_pb_column][\/et_pb_row][et_pb_row column_structure=&#8221;1_4,1_2,1_4&#8243; custom_padding_last_edited=&#8221;on|phone&#8221; _builder_version=&#8221;4.14.7&#8243; _module_preset=&#8221;default&#8221; background_color=&#8221;#0a2832&#8243; z_index=&#8221;10&#8243; custom_margin=&#8221;40px||||false|false&#8221; custom_padding=&#8221;40px|40px|40px|40px|true|true&#8221; custom_padding_tablet=&#8221;30px|30px|30px|30px|true|true&#8221; custom_padding_phone=&#8221;20px|20px|20px|20px|true|true&#8221; global_colors_info=&#8221;{%22gcid-26ac9050-52ea-4dfa-84b3-bad7cf43e335%22:%91%93,%22gcid-3bcfc9e8-40d7-422e-a60f-3fa9ff8f4895%22:%91%93}&#8221;][et_pb_column type=&#8221;1_4&#8243; _builder_version=&#8221;4.8.1&#8243; _module_preset=&#8221;default&#8221; global_colors_info=&#8221;{}&#8221;][et_pb_image src=&#8221;http:\/\/sempre.com.co\/wp-content\/uploads\/2022\/07\/business-coach-003.jpg&#8221; title_text=&#8221;business-coach-003&#8243; _builder_version=&#8221;4.14.7&#8243; _module_preset=&#8221;default&#8221; custom_margin=&#8221;-40px||-40px|-40px|false|false&#8221; custom_margin_tablet=&#8221;0px||0px|0px|false|false&#8221; custom_margin_phone=&#8221;&#8221; custom_margin_last_edited=&#8221;on|phone&#8221; locked=&#8221;off&#8221; global_colors_info=&#8221;{}&#8221;][\/et_pb_image][\/et_pb_column][et_pb_column type=&#8221;1_2&#8243; _builder_version=&#8221;4.14.7&#8243; _module_preset=&#8221;default&#8221; global_colors_info=&#8221;{}&#8221;][et_pb_text _builder_version=&#8221;4.14.7&#8243; _module_preset=&#8221;default&#8221; text_font=&#8221;Work Sans||||||||&#8221; text_text_color=&#8221;RGBA(255,255,255,0.8)&#8221; text_font_size=&#8221;16px&#8221; text_line_height=&#8221;1.8em&#8221; header_3_font=&#8221;Poppins|700|||||||&#8221; header_3_font_size=&#8221;32px&#8221; header_3_line_height=&#8221;1.4em&#8221; background_layout=&#8221;dark&#8221; text_font_size_tablet=&#8221;14px&#8221; text_font_size_phone=&#8221;12px&#8221; text_font_size_last_edited=&#8221;on|phone&#8221; header_3_font_size_tablet=&#8221;24px&#8221; header_3_font_size_phone=&#8221;18px&#8221; header_3_font_size_last_edited=&#8221;on|desktop&#8221; locked=&#8221;off&#8221; global_colors_info=&#8221;{}&#8221;]<\/p>\n<p>SEMPRE<\/p>\n<h3>Nuestros asesores est\u00e1n listos Solo \u00a1Haz click y comencemos!<\/h3>\n<p>[\/et_pb_text][\/et_pb_column][et_pb_column type=&#8221;1_4&#8243; _builder_version=&#8221;4.8.2&#8243; _module_preset=&#8221;default&#8221; custom_padding_tablet=&#8221;0px||||false|false&#8221; custom_padding_phone=&#8221;|20px|20px|20px|false|true&#8221; custom_padding_last_edited=&#8221;off|tablet&#8221; global_colors_info=&#8221;{}&#8221;][et_pb_button button_text=&#8221;ir con un asesor&#8221; button_alignment=&#8221;left&#8221; _builder_version=&#8221;4.14.7&#8243; _module_preset=&#8221;default&#8221; custom_button=&#8221;on&#8221; button_text_size=&#8221;15px&#8221; button_text_color=&#8221;#FFFFFF&#8221; button_bg_color=&#8221;#01ab91&#8243; button_border_width=&#8221;0px&#8221; button_border_radius=&#8221;8px&#8221; button_letter_spacing=&#8221;2px&#8221; button_font=&#8221;|600||on|||||&#8221; custom_margin=&#8221;51px||||false|false&#8221; custom_padding=&#8221;16px||16px||true|false&#8221; button_text_size_tablet=&#8221;14px&#8221; button_text_size_phone=&#8221;14px&#8221; button_text_size_last_edited=&#8221;on|phone&#8221; button_border_radius_tablet=&#8221;6px&#8221; button_border_radius_phone=&#8221;4px&#8221; button_border_radius_last_edited=&#8221;on|phone&#8221; global_colors_info=&#8221;{%22gcid-4721c02e-63da-4985-9f86-80b98bb29c52%22:%91%22button_bg_color%22%93,%22gcid-3bcfc9e8-40d7-422e-a60f-3fa9ff8f4895%22:%91%93}&#8221;][\/et_pb_button][\/et_pb_column][\/et_pb_row][\/et_pb_section]<\/p>\n","protected":false},"excerpt":{"rendered":"<p>Si tiene una crisis de deudas personales o empresariales, no se preocupe, aqu\u00ed podemos ayudarleAunque no existe una respuesta \u00fanica que satisfaga esta pregunta, es muy com\u00fan ver que las empresas que acuden a este mecanismo se caracterizan por tener bajos niveles de liquidez financiera o alto nivel de endeudamiento, o ambos, as\u00ed como problemas [&hellip;]<\/p>\n","protected":false},"author":1,"featured_media":0,"parent":0,"menu_order":0,"comment_status":"closed","ping_status":"closed","template":"","meta":{"_et_pb_use_builder":"on","_et_pb_old_content":"","_et_gb_content_width":"","_monsterinsights_skip_tracking":false,"_monsterinsights_sitenote_active":false,"_monsterinsights_sitenote_note":"","_monsterinsights_sitenote_category":0,"footnotes":""},"class_list":["post-103","page","type-page","status-publish","hentry"],"aioseo_notices":[],"_links":{"self":[{"href":"https:\/\/sempre.com.co\/index.php?rest_route=\/wp\/v2\/pages\/103","targetHints":{"allow":["GET"]}}],"collection":[{"href":"https:\/\/sempre.com.co\/index.php?rest_route=\/wp\/v2\/pages"}],"about":[{"href":"https:\/\/sempre.com.co\/index.php?rest_route=\/wp\/v2\/types\/page"}],"author":[{"embeddable":true,"href":"https:\/\/sempre.com.co\/index.php?rest_route=\/wp\/v2\/users\/1"}],"replies":[{"embeddable":true,"href":"https:\/\/sempre.com.co\/index.php?rest_route=%2Fwp%2Fv2%2Fcomments&post=103"}],"version-history":[{"count":7,"href":"https:\/\/sempre.com.co\/index.php?rest_route=\/wp\/v2\/pages\/103\/revisions"}],"predecessor-version":[{"id":336,"href":"https:\/\/sempre.com.co\/index.php?rest_route=\/wp\/v2\/pages\/103\/revisions\/336"}],"wp:attachment":[{"href":"https:\/\/sempre.com.co\/index.php?rest_route=%2Fwp%2Fv2%2Fmedia&parent=103"}],"curies":[{"name":"wp","href":"https:\/\/api.w.org\/{rel}","templated":true}]}}