{"id":88,"date":"2022-07-21T14:18:08","date_gmt":"2022-07-21T14:18:08","guid":{"rendered":"http:\/\/sempre.com.co\/?page_id=88"},"modified":"2022-07-21T18:10:13","modified_gmt":"2022-07-21T18:10:13","slug":"crisis-financieral-empresarial","status":"publish","type":"page","link":"https:\/\/sempre.com.co\/?page_id=88","title":{"rendered":"REDUCCI\u00d3N CR\u00c9DITO VIVIENDA"},"content":{"rendered":"\n[et_pb_section fb_built=&#8221;1&#8243; admin_label=&#8221;Header&#8221; _builder_version=&#8221;4.14.7&#8243; _module_preset=&#8221;default&#8221; background_color_gradient_start=&#8221;#ffffff&#8221; background_color_gradient_end=&#8221;#f8f8f8&#8243; background_color_gradient_direction=&#8221;90deg&#8221; background_enable_image=&#8221;off&#8221; background_last_edited=&#8221;on|desktop&#8221; locked=&#8221;off&#8221; global_colors_info=&#8221;{%22gcid-01d52b91-888a-4360-8bf2-df06995b266a%22:%91%93}&#8221;][et_pb_row column_structure=&#8221;1_2,1_2&#8243; _builder_version=&#8221;4.8.1&#8243; _module_preset=&#8221;default&#8221; global_colors_info=&#8221;{}&#8221;][et_pb_column type=&#8221;1_2&#8243; _builder_version=&#8221;4.8.1&#8243; _module_preset=&#8221;default&#8221; global_colors_info=&#8221;{}&#8221;][et_pb_text _builder_version=&#8221;4.14.7&#8243; _module_preset=&#8221;6ca64ecf-fbe3-4428-b1e8-65745f623d5d&#8221; header_font=&#8221;Poppins|700|||||||&#8221; header_text_align=&#8221;left&#8221; header_text_color=&#8221;#000000&#8243; header_font_size=&#8221;48px&#8221; header_line_height=&#8221;1.2em&#8221; hover_enabled=&#8221;0&#8243; header_font_size_tablet=&#8221;40px&#8221; header_font_size_phone=&#8221;25px&#8221; header_font_size_last_edited=&#8221;on|phone&#8221; locked=&#8221;off&#8221; global_colors_info=&#8221;{}&#8221; sticky_enabled=&#8221;0&#8243;]<h1>Reduzca su cr\u00e9dito de vivienda<\/h1>[\/et_pb_text][et_pb_text _builder_version=&#8221;4.14.7&#8243; _module_preset=&#8221;a71a5122-3537-4d1b-aa15-649fe0057a23&#8243; text_font=&#8221;Work Sans||||||||&#8221; text_font_size=&#8221;16px&#8221; text_line_height=&#8221;1.8em&#8221; hover_enabled=&#8221;0&#8243; text_font_size_tablet=&#8221;15px&#8221; text_font_size_phone=&#8221;14px&#8221; text_font_size_last_edited=&#8221;on|desktop&#8221; locked=&#8221;off&#8221; global_colors_info=&#8221;{}&#8221; sticky_enabled=&#8221;0&#8243;]<p><span style=\"font-weight: 400;\">Si es posible. Las tasas de inter\u00e9s de cr\u00e9ditos a largo plazo en Colombia para la adquisici\u00f3n de vivienda (hipotecarios o leasing habitacional) est\u00e1n entre las m\u00e1s altas de am\u00e9rica; si tenemos en cuenta la estabilidad general que vive nuestra econom\u00eda en comparaci\u00f3n con los dem\u00e1s pa\u00edses del \u00e1rea, vemos que claramente ser\u00eda posible que \u00e9stas se fijaran en menores valores, haciendo que el monto de los intereses fuera menor, lo que se traducir\u00eda en cuotas m\u00e1s accesibles o plazos de pago m\u00e1s cortos.<\/span><\/p>\n<p><span style=\"font-weight: 400;\">Vea <\/span><span style=\"font-weight: 400;\">aqu\u00ed<\/span><span style=\"font-weight: 400;\"> las tasas de inter\u00e9s de los pa\u00edses de Am\u00e9rica.<\/span><\/p>\n<p><span style=\"font-weight: 400;\">Por lo anterior, hacer uso del beneficio establecido en la Ley 546 de 1999 para disminuir el plazo y la cantidad de intereses a pagar a la entidad que le hace el pr\u00e9stamo, se convierte en una muy buena oportunidad de lograr la reducci\u00f3n de su cr\u00e9dito favoreciendo sus finanzas personales y familiares.<\/span><\/p>[\/et_pb_text][\/et_pb_column][et_pb_column type=&#8221;1_2&#8243; _builder_version=&#8221;4.8.1&#8243; _module_preset=&#8221;default&#8221; global_colors_info=&#8221;{}&#8221;][et_pb_image src=&#8221;http:\/\/sempre.com.co\/wp-content\/uploads\/2022\/07\/llave.png&#8221; _builder_version=&#8221;4.14.7&#8243; _module_preset=&#8221;default&#8221; hover_enabled=&#8221;0&#8243; global_colors_info=&#8221;{}&#8221; title_text=&#8221;llave&#8221; width=&#8221;63%&#8221; sticky_enabled=&#8221;0&#8243;][\/et_pb_image][\/et_pb_column][\/et_pb_row][\/et_pb_section][et_pb_section fb_built=&#8221;1&#8243; admin_label=&#8221;Value Props&#8221; _builder_version=&#8221;4.14.7&#8243; _module_preset=&#8221;default&#8221; background_color=&#8221;#0a2832&#8243; locked=&#8221;off&#8221; global_colors_info=&#8221;{}&#8221;][et_pb_row _builder_version=&#8221;4.8.1&#8243; _module_preset=&#8221;default&#8221; global_colors_info=&#8221;{}&#8221;][et_pb_column type=&#8221;4_4&#8243; _builder_version=&#8221;4.8.1&#8243; _module_preset=&#8221;default&#8221; global_colors_info=&#8221;{}&#8221;][et_pb_image src=&#8221;http:\/\/sempre.com.co\/wp-content\/uploads\/2022\/07\/CASACREDITO.png&#8221; _builder_version=&#8221;4.14.7&#8243; _module_preset=&#8221;default&#8221; title_text=&#8221;CASACREDITO&#8221; align=&#8221;center&#8221; width=&#8221;100%&#8221; max_width=&#8221;16%&#8221; hover_enabled=&#8221;0&#8243; sticky_enabled=&#8221;0&#8243;][\/et_pb_image][et_pb_text _builder_version=&#8221;4.14.7&#8243; _module_preset=&#8221;b5629d61-8761-48a4-843a-08bad35c28b0&#8243; header_2_font=&#8221;Poppins|700|||||||&#8221; header_2_text_color=&#8221;#01b3a5&#8243; header_2_font_size=&#8221;56px&#8221; header_2_line_height=&#8221;1.2em&#8221; text_orientation=&#8221;center&#8221; hover_enabled=&#8221;0&#8243; header_2_font_size_tablet=&#8221;32px&#8221; header_2_font_size_phone=&#8221;18px&#8221; header_2_font_size_last_edited=&#8221;on|phone&#8221; locked=&#8221;off&#8221; global_colors_info=&#8221;{}&#8221; sticky_enabled=&#8221;0&#8243;]<h2>\u00bfC\u00f3mo se logra la reducci\u00f3n del cr\u00e9dito de vivienda y qu\u00e9 beneficios se obtienen?<\/h2>[\/et_pb_text][\/et_pb_column][\/et_pb_row][et_pb_row _builder_version=&#8221;4.14.7&#8243; _module_preset=&#8221;default&#8221; column_structure=&#8221;1_2,1_2&#8243;][et_pb_column _builder_version=&#8221;4.14.7&#8243; _module_preset=&#8221;default&#8221; type=&#8221;1_2&#8243;][et_pb_text _builder_version=&#8221;4.14.7&#8243; _module_preset=&#8221;a71a5122-3537-4d1b-aa15-649fe0057a23&#8243; text_font=&#8221;Work Sans||||||||&#8221; text_text_color=&#8221;#FFFFFF&#8221; text_font_size=&#8221;16px&#8221; text_line_height=&#8221;1.8em&#8221; header_text_color=&#8221;#FFFFFF&#8221; hover_enabled=&#8221;0&#8243; text_font_size_tablet=&#8221;15px&#8221; text_font_size_phone=&#8221;14px&#8221; text_font_size_last_edited=&#8221;on|desktop&#8221; locked=&#8221;off&#8221; global_colors_info=&#8221;{}&#8221; sticky_enabled=&#8221;0&#8243;]<p><span style=\"font-weight: 400;\">La Ley 546 de 1999 en su art\u00edculo 17, numeral 8 establece que \u201c<\/span><i><span style=\"font-weight: 400;\">Los cr\u00e9ditos podr\u00e1n prepagarse total o parcialmente en cualquier momento sin penalidad alguna\u201d<\/span><\/i><span style=\"font-weight: 400;\">. A partir de esta premisa, el an\u00e1lisis financiero y jur\u00eddico de su cr\u00e9dito y la aplicaci\u00f3n de peque\u00f1os abonos continuos y estrat\u00e9gicos, gestionamos este beneficio llevando a la entidad financiera a <\/span><b>modificar y formalizar<\/b><span style=\"font-weight: 400;\"> la distribuci\u00f3n de los dineros pagados en cada cuota, de forma tal que el abono a capital sea mayor en ella.<\/span><\/p>\n<p>&nbsp;<\/p>[\/et_pb_text][\/et_pb_column][et_pb_column _builder_version=&#8221;4.14.7&#8243; _module_preset=&#8221;default&#8221; type=&#8221;1_2&#8243;][et_pb_text _builder_version=&#8221;4.14.7&#8243; _module_preset=&#8221;a71a5122-3537-4d1b-aa15-649fe0057a23&#8243; text_font=&#8221;Work Sans||||||||&#8221; text_text_color=&#8221;#FFFFFF&#8221; text_font_size=&#8221;16px&#8221; text_line_height=&#8221;1.8em&#8221; header_text_color=&#8221;#FFFFFF&#8221; hover_enabled=&#8221;0&#8243; text_font_size_tablet=&#8221;15px&#8221; text_font_size_phone=&#8221;14px&#8221; text_font_size_last_edited=&#8221;on|desktop&#8221; locked=&#8221;off&#8221; global_colors_info=&#8221;{}&#8221; sticky_enabled=&#8221;0&#8243;]<p><span style=\"font-weight: 400;\">Con este procedimiento, el valor final pagado por intereses, a lo largo del plazo del cr\u00e9dito, ser\u00e1 sensiblemente menor y hasta en un 40% de la suma que usted tendr\u00eda que cancelarle a la entidad en ese mismo lapso. Una consecuencia financiera de esta gesti\u00f3n ser\u00e1 igualmente la reducci\u00f3n muy interesante en el n\u00famero de cuotas que tendr\u00e1 que pagar finalmente y que puede llegar en unos casos a reducir el plazo final hasta en un 50% del plazo inicial.<\/span><\/p>[\/et_pb_text][\/et_pb_column][\/et_pb_row][\/et_pb_section][et_pb_section fb_built=&#8221;1&#8243; admin_label=&#8221;Header&#8221; _builder_version=&#8221;4.14.7&#8243; _module_preset=&#8221;default&#8221; background_color_gradient_start=&#8221;#ffffff&#8221; background_color_gradient_end=&#8221;#f8f8f8&#8243; background_color_gradient_direction=&#8221;90deg&#8221; background_enable_image=&#8221;off&#8221; background_last_edited=&#8221;on|desktop&#8221; locked=&#8221;off&#8221; global_colors_info=&#8221;{%22gcid-01d52b91-888a-4360-8bf2-df06995b266a%22:%91%93}&#8221;][et_pb_row column_structure=&#8221;1_2,1_2&#8243; _builder_version=&#8221;4.8.1&#8243; _module_preset=&#8221;default&#8221; global_colors_info=&#8221;{}&#8221;][et_pb_column type=&#8221;1_2&#8243; _builder_version=&#8221;4.8.1&#8243; _module_preset=&#8221;default&#8221; global_colors_info=&#8221;{}&#8221;][et_pb_text _builder_version=&#8221;4.14.7&#8243; _module_preset=&#8221;6ca64ecf-fbe3-4428-b1e8-65745f623d5d&#8221; header_font=&#8221;Poppins|700|||||||&#8221; header_text_align=&#8221;left&#8221; header_text_color=&#8221;#000000&#8243; header_font_size=&#8221;43px&#8221; header_line_height=&#8221;1.2em&#8221; header_2_font=&#8221;Poppins|700|||||||&#8221; header_2_font_size=&#8221;44px&#8221; hover_enabled=&#8221;0&#8243; header_font_size_tablet=&#8221;40px&#8221; header_font_size_phone=&#8221;25px&#8221; header_font_size_last_edited=&#8221;on|phone&#8221; locked=&#8221;off&#8221; global_colors_info=&#8221;{}&#8221; sticky_enabled=&#8221;0&#8243;]<h2>\u00bfC\u00f3mo se procede para tener este beneficio?<\/h2>[\/et_pb_text][et_pb_text _builder_version=&#8221;4.14.7&#8243; _module_preset=&#8221;a71a5122-3537-4d1b-aa15-649fe0057a23&#8243; text_font=&#8221;Work Sans||||||||&#8221; text_font_size=&#8221;16px&#8221; text_line_height=&#8221;1.8em&#8221; hover_enabled=&#8221;0&#8243; text_font_size_tablet=&#8221;15px&#8221; text_font_size_phone=&#8221;14px&#8221; text_font_size_last_edited=&#8221;on|desktop&#8221; locked=&#8221;off&#8221; global_colors_info=&#8221;{}&#8221; sticky_enabled=&#8221;0&#8243;]<p><span style=\"font-weight: 400;\">En cinco pasos usted y su familia pueden verse beneficiados con la reducci\u00f3n de su cr\u00e9dito de vivienda:<\/span><\/p>\n<ol>\n<li style=\"font-weight: 400;\" aria-level=\"1\"><span style=\"font-weight: 400;\">Contacte <\/span><span style=\"font-weight: 400;\">aqu\u00ed<\/span><span style=\"font-weight: 400;\"> su asesor y coordine el env\u00edo de la informaci\u00f3n de su cr\u00e9dito.<\/span><\/li>\n<li style=\"font-weight: 400;\" aria-level=\"1\"><span style=\"font-weight: 400;\">SEMPRE realizar\u00e1 el an\u00e1lisis jur\u00eddico y financiero de su cr\u00e9dito y plantear\u00e1 tres opciones de ahorro.<\/span><\/li>\n<li style=\"font-weight: 400;\" aria-level=\"1\"><span style=\"font-weight: 400;\">Su asesor le mostrar\u00e1 las opciones y usted decidir\u00e1 a cu\u00e1l de ellas quiere acogerse. Suministre la documentaci\u00f3n requerida a su asesor para el tr\u00e1mite.<\/span><\/li>\n<li style=\"font-weight: 400;\" aria-level=\"1\"><span style=\"font-weight: 400;\">SEMPRE realizar\u00e1 el tr\u00e1mite de reducci\u00f3n del cr\u00e9dito ante la Superintendencia Financiera y su entidad Financiera.<\/span><\/li>\n<li style=\"font-weight: 400;\" aria-level=\"1\"><span style=\"font-weight: 400;\">Su entidad financiera le informar\u00e1 sobre la gesti\u00f3n y la forma como qued\u00f3 formalizado el cambio en su cr\u00e9di<\/span><\/li>\n<\/ol>[\/et_pb_text][\/et_pb_column][et_pb_column type=&#8221;1_2&#8243; _builder_version=&#8221;4.8.1&#8243; _module_preset=&#8221;default&#8221; global_colors_info=&#8221;{}&#8221;][et_pb_image src=&#8221;http:\/\/sempre.com.co\/wp-content\/uploads\/2022\/07\/casa1.png&#8221; _builder_version=&#8221;4.14.7&#8243; _module_preset=&#8221;default&#8221; hover_enabled=&#8221;0&#8243; global_colors_info=&#8221;{}&#8221; title_text=&#8221;casa1&#8243; sticky_enabled=&#8221;0&#8243; custom_margin=&#8221;136px|||||&#8221;][\/et_pb_image][\/et_pb_column][\/et_pb_row][\/et_pb_section][et_pb_section fb_built=&#8221;1&#8243; admin_label=&#8221;Header&#8221; _builder_version=&#8221;4.14.7&#8243; _module_preset=&#8221;default&#8221; background_color_gradient_start=&#8221;#ffffff&#8221; background_color_gradient_end=&#8221;#f8f8f8&#8243; background_color_gradient_direction=&#8221;90deg&#8221; background_enable_image=&#8221;off&#8221; hover_enabled=&#8221;0&#8243; background_last_edited=&#8221;on|desktop&#8221; locked=&#8221;off&#8221; global_colors_info=&#8221;{%22gcid-01d52b91-888a-4360-8bf2-df06995b266a%22:%91%93}&#8221; background_color=&#8221;#f7f7f7&#8243; sticky_enabled=&#8221;0&#8243;][et_pb_row column_structure=&#8221;1_2,1_2&#8243; _builder_version=&#8221;4.8.1&#8243; _module_preset=&#8221;default&#8221; global_colors_info=&#8221;{}&#8221;][et_pb_column type=&#8221;1_2&#8243; _builder_version=&#8221;4.8.1&#8243; _module_preset=&#8221;default&#8221; global_colors_info=&#8221;{}&#8221;][et_pb_image src=&#8221;http:\/\/sempre.com.co\/wp-content\/uploads\/2022\/07\/famili2.png&#8221; _builder_version=&#8221;4.14.7&#8243; _module_preset=&#8221;default&#8221; hover_enabled=&#8221;0&#8243; global_colors_info=&#8221;{}&#8221; sticky_enabled=&#8221;0&#8243; title_text=&#8221;famili2&#8243;][\/et_pb_image][\/et_pb_column][et_pb_column type=&#8221;1_2&#8243; _builder_version=&#8221;4.8.1&#8243; _module_preset=&#8221;default&#8221; global_colors_info=&#8221;{}&#8221;][et_pb_text _builder_version=&#8221;4.14.7&#8243; _module_preset=&#8221;6ca64ecf-fbe3-4428-b1e8-65745f623d5d&#8221; header_font=&#8221;Poppins|700|||||||&#8221; header_text_align=&#8221;left&#8221; header_text_color=&#8221;#000000&#8243; header_font_size=&#8221;43px&#8221; header_line_height=&#8221;1.2em&#8221; header_2_font=&#8221;Poppins|700|||||||&#8221; header_2_font_size=&#8221;44px&#8221; hover_enabled=&#8221;0&#8243; header_font_size_tablet=&#8221;40px&#8221; header_font_size_phone=&#8221;25px&#8221; header_font_size_last_edited=&#8221;on|phone&#8221; locked=&#8221;off&#8221; global_colors_info=&#8221;{}&#8221; sticky_enabled=&#8221;0&#8243;]<h2>\u00bfCu\u00e1nto tiempo tarda el tr\u00e1mite de reducci\u00f3n?<\/h2>[\/et_pb_text][et_pb_text _builder_version=&#8221;4.14.7&#8243; _module_preset=&#8221;a71a5122-3537-4d1b-aa15-649fe0057a23&#8243; text_font=&#8221;Work Sans||||||||&#8221; text_font_size=&#8221;16px&#8221; text_line_height=&#8221;1.8em&#8221; hover_enabled=&#8221;0&#8243; text_font_size_tablet=&#8221;15px&#8221; text_font_size_phone=&#8221;14px&#8221; text_font_size_last_edited=&#8221;on|desktop&#8221; locked=&#8221;off&#8221; global_colors_info=&#8221;{}&#8221; sticky_enabled=&#8221;0&#8243;]<p><span style=\"font-weight: 400;\">A partir de la radicaci\u00f3n de la solicitud a la entidad financiera pueden transcurrir entre dos y cinco semanas hasta la aprobaci\u00f3n del tr\u00e1mite y la comunicaci\u00f3n formal de la entidad. Desde ese momento, la cuota mensual de su cr\u00e9dito tendr\u00e1 el valor que le proyectamos y el n\u00famero de cuotas pendientes ser\u00e1 el que le indicamos en el estudio, con lo que usted podr\u00e1 asegurar que se cumpli\u00f3 la promeso de valor que le ofrecimos.<\/span><\/p>\n<p>&nbsp;<\/p>[\/et_pb_text][\/et_pb_column][\/et_pb_row][\/et_pb_section][et_pb_section fb_built=&#8221;1&#8243; admin_label=&#8221;Value Props&#8221; _builder_version=&#8221;4.14.7&#8243; _module_preset=&#8221;default&#8221; background_color=&#8221;#0a2832&#8243; locked=&#8221;off&#8221; global_colors_info=&#8221;{}&#8221;][et_pb_row _builder_version=&#8221;4.8.1&#8243; _module_preset=&#8221;default&#8221; global_colors_info=&#8221;{}&#8221;][et_pb_column type=&#8221;4_4&#8243; _builder_version=&#8221;4.8.1&#8243; _module_preset=&#8221;default&#8221; global_colors_info=&#8221;{}&#8221;][et_pb_text _builder_version=&#8221;4.14.7&#8243; _module_preset=&#8221;b5629d61-8761-48a4-843a-08bad35c28b0&#8243; header_2_font=&#8221;Poppins|700|||||||&#8221; header_2_text_color=&#8221;#01b3a5&#8243; header_2_font_size=&#8221;56px&#8221; header_2_line_height=&#8221;1.2em&#8221; text_orientation=&#8221;center&#8221; hover_enabled=&#8221;0&#8243; header_2_font_size_tablet=&#8221;32px&#8221; header_2_font_size_phone=&#8221;18px&#8221; header_2_font_size_last_edited=&#8221;on|phone&#8221; locked=&#8221;off&#8221; global_colors_info=&#8221;{}&#8221; sticky_enabled=&#8221;0&#8243;]<h2>En Sempre podemos ayudarle a reducir ese cr\u00e9dito de vivienda.<\/h2>[\/et_pb_text][\/et_pb_column][\/et_pb_row][et_pb_row column_structure=&#8221;1_4,1_2,1_4&#8243; custom_padding_last_edited=&#8221;on|phone&#8221; _builder_version=&#8221;4.14.7&#8243; _module_preset=&#8221;default&#8221; background_color=&#8221;#0a2832&#8243; z_index=&#8221;10&#8243; custom_margin=&#8221;40px||||false|false&#8221; custom_padding=&#8221;40px|40px|40px|40px|true|true&#8221; custom_padding_tablet=&#8221;30px|30px|30px|30px|true|true&#8221; custom_padding_phone=&#8221;20px|20px|20px|20px|true|true&#8221; global_colors_info=&#8221;{%22gcid-26ac9050-52ea-4dfa-84b3-bad7cf43e335%22:%91%93,%22gcid-3bcfc9e8-40d7-422e-a60f-3fa9ff8f4895%22:%91%93}&#8221;][et_pb_column type=&#8221;1_4&#8243; _builder_version=&#8221;4.8.1&#8243; _module_preset=&#8221;default&#8221; global_colors_info=&#8221;{}&#8221;][et_pb_image src=&#8221;http:\/\/sempre.com.co\/wp-content\/uploads\/2022\/07\/officemen.png&#8221; title_text=&#8221;officemen&#8221; _builder_version=&#8221;4.14.7&#8243; _module_preset=&#8221;default&#8221; custom_margin=&#8221;-40px||-40px|-40px|false|false&#8221; custom_margin_tablet=&#8221;0px||0px|0px|false|false&#8221; custom_margin_phone=&#8221;&#8221; custom_margin_last_edited=&#8221;on|phone&#8221; hover_enabled=&#8221;0&#8243; locked=&#8221;off&#8221; global_colors_info=&#8221;{}&#8221; sticky_enabled=&#8221;0&#8243;][\/et_pb_image][\/et_pb_column][et_pb_column type=&#8221;1_2&#8243; _builder_version=&#8221;4.14.7&#8243; _module_preset=&#8221;default&#8221; global_colors_info=&#8221;{}&#8221;][et_pb_text _builder_version=&#8221;4.14.7&#8243; _module_preset=&#8221;default&#8221; text_font=&#8221;Work Sans||||||||&#8221; text_text_color=&#8221;RGBA(255,255,255,0.8)&#8221; text_font_size=&#8221;16px&#8221; text_line_height=&#8221;1.8em&#8221; header_3_font=&#8221;Poppins|700|||||||&#8221; header_3_font_size=&#8221;32px&#8221; header_3_line_height=&#8221;1.4em&#8221; background_layout=&#8221;dark&#8221; text_font_size_tablet=&#8221;14px&#8221; text_font_size_phone=&#8221;12px&#8221; text_font_size_last_edited=&#8221;on|phone&#8221; header_3_font_size_tablet=&#8221;24px&#8221; header_3_font_size_phone=&#8221;18px&#8221; header_3_font_size_last_edited=&#8221;on|desktop&#8221; locked=&#8221;off&#8221; global_colors_info=&#8221;{}&#8221;]<p>SEMPRE<\/p>\n<h3>Nuestros asesores est\u00e1n listos Solo \u00a1Haz click y comencemos!<\/h3>[\/et_pb_text][\/et_pb_column][et_pb_column type=&#8221;1_4&#8243; _builder_version=&#8221;4.8.2&#8243; _module_preset=&#8221;default&#8221; custom_padding_tablet=&#8221;0px||||false|false&#8221; custom_padding_phone=&#8221;|20px|20px|20px|false|true&#8221; custom_padding_last_edited=&#8221;off|tablet&#8221; global_colors_info=&#8221;{}&#8221;][et_pb_button button_text=&#8221;ir con un asesor&#8221; button_alignment=&#8221;left&#8221; _builder_version=&#8221;4.14.7&#8243; _module_preset=&#8221;default&#8221; custom_button=&#8221;on&#8221; button_text_size=&#8221;15px&#8221; button_text_color=&#8221;#FFFFFF&#8221; button_bg_color=&#8221;#01ab91&#8243; button_border_width=&#8221;0px&#8221; button_border_radius=&#8221;8px&#8221; button_letter_spacing=&#8221;2px&#8221; button_font=&#8221;|600||on|||||&#8221; custom_margin=&#8221;51px||||false|false&#8221; custom_padding=&#8221;16px||16px||true|false&#8221; button_text_size_tablet=&#8221;14px&#8221; button_text_size_phone=&#8221;14px&#8221; button_text_size_last_edited=&#8221;on|phone&#8221; button_border_radius_tablet=&#8221;6px&#8221; button_border_radius_phone=&#8221;4px&#8221; button_border_radius_last_edited=&#8221;on|phone&#8221; global_colors_info=&#8221;{%22gcid-4721c02e-63da-4985-9f86-80b98bb29c52%22:%91%22button_bg_color%22%93,%22gcid-3bcfc9e8-40d7-422e-a60f-3fa9ff8f4895%22:%91%93}&#8221;][\/et_pb_button][\/et_pb_column][\/et_pb_row][\/et_pb_section]\n","protected":false},"excerpt":{"rendered":"<p>Reduzca su cr\u00e9dito de viviendaSi es posible. Las tasas de inter\u00e9s de cr\u00e9ditos a largo plazo en Colombia para la adquisici\u00f3n de vivienda (hipotecarios o leasing habitacional) est\u00e1n entre las m\u00e1s altas de am\u00e9rica; si tenemos en cuenta la estabilidad general que vive nuestra econom\u00eda en comparaci\u00f3n con los dem\u00e1s pa\u00edses del \u00e1rea, vemos que [&hellip;]<\/p>\n","protected":false},"author":1,"featured_media":0,"parent":0,"menu_order":0,"comment_status":"closed","ping_status":"closed","template":"","meta":{"_et_pb_use_builder":"on","_et_pb_old_content":"","_et_gb_content_width":"","_monsterinsights_skip_tracking":false,"_monsterinsights_sitenote_active":false,"_monsterinsights_sitenote_note":"","_monsterinsights_sitenote_category":0,"footnotes":""},"class_list":["post-88","page","type-page","status-publish","hentry"],"aioseo_notices":[],"_links":{"self":[{"href":"https:\/\/sempre.com.co\/index.php?rest_route=\/wp\/v2\/pages\/88","targetHints":{"allow":["GET"]}}],"collection":[{"href":"https:\/\/sempre.com.co\/index.php?rest_route=\/wp\/v2\/pages"}],"about":[{"href":"https:\/\/sempre.com.co\/index.php?rest_route=\/wp\/v2\/types\/page"}],"author":[{"embeddable":true,"href":"https:\/\/sempre.com.co\/index.php?rest_route=\/wp\/v2\/users\/1"}],"replies":[{"embeddable":true,"href":"https:\/\/sempre.com.co\/index.php?rest_route=%2Fwp%2Fv2%2Fcomments&post=88"}],"version-history":[{"count":10,"href":"https:\/\/sempre.com.co\/index.php?rest_route=\/wp\/v2\/pages\/88\/revisions"}],"predecessor-version":[{"id":232,"href":"https:\/\/sempre.com.co\/index.php?rest_route=\/wp\/v2\/pages\/88\/revisions\/232"}],"wp:attachment":[{"href":"https:\/\/sempre.com.co\/index.php?rest_route=%2Fwp%2Fv2%2Fmedia&parent=88"}],"curies":[{"name":"wp","href":"https:\/\/api.w.org\/{rel}","templated":true}]}}